{"id":5435,"date":"2021-11-28T23:48:40","date_gmt":"2021-11-28T22:48:40","guid":{"rendered":"https:\/\/katecheza.diecezja.elblag.pl\/?page_id=5435"},"modified":"2024-08-17T18:53:34","modified_gmt":"2024-08-17T16:53:34","slug":"programy-i-podreczniki","status":"publish","type":"page","link":"https:\/\/katecheza.diecezja.elblag.pl\/index.php\/programy-i-podreczniki\/","title":{"rendered":"Programy i podr\u0119czniki"},"content":{"rendered":"\n<div class=\"wp-block-file\"><a id=\"wp-block-file--media-6bede18b-352c-4053-b93a-1cb8ece327fc\" href=\"https:\/\/katecheza.diecezja.elblag.pl\/wp-content\/uploads\/2021\/12\/Uchwala-KEP-2018-r..docx\">Uchwa\u0142a Komisji Wychowania Katolickiego KEP 2018 r. z dnia 19 wrze\u015bnia 2018 r. w sprawie obowi\u0105zywania Podstawy programowej<\/a><a href=\"https:\/\/katecheza.diecezja.elblag.pl\/wp-content\/uploads\/2021\/12\/Uchwala-KEP-2018-r..docx\" class=\"wp-block-file__button wp-element-button\" download aria-describedby=\"wp-block-file--media-6bede18b-352c-4053-b93a-1cb8ece327fc\">Pobierz<\/a><\/div>\n\n\n\n<div class=\"wp-block-file\"><a id=\"wp-block-file--media-5886bec3-7a9e-422e-b826-2fae25e2a2ae\" href=\"https:\/\/katecheza.diecezja.elblag.pl\/wp-content\/uploads\/2021\/12\/Uchwala_KEP_2017.doc\">Uchwa\u0142a Komisji Wychowania Katolickiego KEP \u00a0 z dnia 14 lutego 2017 r. dotycz\u0105ca Podstawy programowej<\/a><a href=\"https:\/\/katecheza.diecezja.elblag.pl\/wp-content\/uploads\/2021\/12\/Uchwala_KEP_2017.doc\" class=\"wp-block-file__button wp-element-button\" download aria-describedby=\"wp-block-file--media-5886bec3-7a9e-422e-b826-2fae25e2a2ae\">Pobierz<\/a><\/div>\n\n\n\n<p><\/p>\n","protected":false},"excerpt":{"rendered":"","protected":false},"author":1,"featured_media":0,"parent":0,"menu_order":0,"comment_status":"closed","ping_status":"closed","template":"","meta":{"neve_meta_sidebar":"","neve_meta_container":"","neve_meta_enable_content_width":"","neve_meta_content_width":0,"neve_meta_title_alignment":"","neve_meta_author_avatar":"","neve_post_elements_order":"","neve_meta_disable_header":"","neve_meta_disable_footer":"","neve_meta_disable_title":"","_themeisle_gutenberg_block_has_review":false,"_ti_tpc_template_sync":false,"_ti_tpc_template_id":"","footnotes":""},"class_list":["post-5435","page","type-page","status-publish","hentry"],"_links":{"self":[{"href":"https:\/\/katecheza.diecezja.elblag.pl\/index.php\/wp-json\/wp\/v2\/pages\/5435","targetHints":{"allow":["GET"]}}],"collection":[{"href":"https:\/\/katecheza.diecezja.elblag.pl\/index.php\/wp-json\/wp\/v2\/pages"}],"about":[{"href":"https:\/\/katecheza.diecezja.elblag.pl\/index.php\/wp-json\/wp\/v2\/types\/page"}],"author":[{"embeddable":true,"href":"https:\/\/katecheza.diecezja.elblag.pl\/index.php\/wp-json\/wp\/v2\/users\/1"}],"replies":[{"embeddable":true,"href":"https:\/\/katecheza.diecezja.elblag.pl\/index.php\/wp-json\/wp\/v2\/comments?post=5435"}],"version-history":[{"count":7,"href":"https:\/\/katecheza.diecezja.elblag.pl\/index.php\/wp-json\/wp\/v2\/pages\/5435\/revisions"}],"predecessor-version":[{"id":5948,"href":"https:\/\/katecheza.diecezja.elblag.pl\/index.php\/wp-json\/wp\/v2\/pages\/5435\/revisions\/5948"}],"wp:attachment":[{"href":"https:\/\/katecheza.diecezja.elblag.pl\/index.php\/wp-json\/wp\/v2\/media?parent=5435"}],"curies":[{"name":"wp","href":"https:\/\/api.w.org\/{rel}","templated":true}]}}